{"id":5662,"date":"2026-01-24T15:42:42","date_gmt":"2026-01-24T13:42:42","guid":{"rendered":"https:\/\/olympvillas.com\/terms-and-conditions\/"},"modified":"2026-01-24T15:42:42","modified_gmt":"2026-01-24T13:42:42","slug":"conditions-generales","status":"publish","type":"page","link":"https:\/\/olympvillas.com\/fr\/terms-and-conditions\/","title":{"rendered":"Termes et Conditions"},"content":{"rendered":"<!-- This legal document was generated by Complianz Terms &amp; Conditions https:\/\/wordpress.org\/plugins\/complianz-terms-conditions -->\n<div id=\"cmplz-document\" class=\"cmplz-document cmplz-terms-conditions\"><p><i>Les conditions g\u00e9n\u00e9rales ont \u00e9t\u00e9 mises \u00e0 jour pour la derni\u00e8re fois le mars 5, 2026<\/i><\/p><h2>1. Introduction<\/h2><p>Les pr\u00e9sentes conditions g\u00e9n\u00e9rales s'appliquent \u00e0 ce site web et aux transactions li\u00e9es \u00e0 nos produits et services. Vous pouvez \u00eatre li\u00e9 par des contrats suppl\u00e9mentaires en rapport avec votre relation avec nous ou avec tout produit ou service que vous recevez de notre part. Si des dispositions de contrats suppl\u00e9mentaires entrent en conflit avec des dispositions des pr\u00e9sentes conditions g\u00e9n\u00e9rales, les dispositions de ces contrats suppl\u00e9mentaires pr\u00e9vaudront.<\/p><h2>2. Obligatoire<\/h2><p>En vous inscrivant sur ce site, en y acc\u00e9dant ou en l\u2019utilisant de toute autre mani\u00e8re, vous acceptez par les pr\u00e9sentes d\u2019\u00eatre li\u00e9 par les conditions g\u00e9n\u00e9rales \u00e9nonc\u00e9es ci-dessous. La simple utilisation de ce site web implique la connaissance et l\u2019acceptation des pr\u00e9sentes conditions g\u00e9n\u00e9rales. Dans certains cas particuliers, nous pouvons \u00e9galement vous demander de donner votre accord explicite.<\/p><h2>3. Communication \u00e9lectronique<\/h2><p>En utilisant ce site Web ou en communiquant avec nous par des moyens \u00e9lectroniques, vous acceptez et reconnaissez que nous pouvons communiquer avec vous par voie \u00e9lectronique sur notre site Web ou en vous envoyant un courriel, et vous acceptez que tous les accords, notifications, publications et autres communications que nous vous fournissons par voie \u00e9lectronique satisfont \u00e0 toute exigence l\u00e9gale, y compris, mais sans s'y limiter, l'exigence que ces communications soient faites par \u00e9crit.<\/p><h2>4. Propri\u00e9t\u00e9 intellectuelle<\/h2><p>Nous ou nos conc\u00e9dants de licence d\u00e9tenons et contr\u00f4lons tous les droits d'auteur et autres droits de propri\u00e9t\u00e9 intellectuelle sur le site Web et sur les donn\u00e9es, informations et autres ressources affich\u00e9es ou accessibles sur ledit site.<\/p><p class=\"cmplz-subtitle\">4.1 Tous droits r\u00e9serv\u00e9s<\/p><p>Sauf indication contraire d'un contenu sp\u00e9cifique, aucune licence ni aucun autre droit ne vous est accord\u00e9 en vertu des droits d'auteur, des marques d\u00e9pos\u00e9es, des brevets ou d'autres droits de propri\u00e9t\u00e9 intellectuelle. Cela signifie que vous n'utiliserez, ne copierez, ne reproduirez, n'ex\u00e9cuterez, n'afficherez, ne distribuerez, n'int\u00e9grerez dans un support \u00e9lectronique, ne modifierez, ne ferez d'ing\u00e9nierie inverse, ne d\u00e9compilerez, ne transf\u00e9rerez, ne t\u00e9l\u00e9chargerez, ne transmettrez, ne mon\u00e9tiserez, ne vendrez, ne marchandiserez ni ne commercialiserez aucune des ressources de ce site Web sous quelque forme que ce soit, sans notre autorisation \u00e9crite pr\u00e9alable, sauf et uniquement dans la mesure o\u00f9 il en est stipul\u00e9 autrement dans des r\u00e9glementations de droit imp\u00e9ratif (telles que le droit de citer).<\/p><h2>5. Propri\u00e9t\u00e9 de tiers<\/h2><p>Notre site web peut inclure des hyperliens ou d'autres r\u00e9f\u00e9rences aux sites web de tierces parties. Nous ne surveillons ni n'examinons le contenu des sites web de tierces parties qui sont li\u00e9s \u00e0 ce site web. Les produits ou services offerts par d'autres sites web sont soumis aux conditions g\u00e9n\u00e9rales applicables de ces tiers. Les opinions exprim\u00e9es ou les \u00e9l\u00e9ments apparaissant sur ces sites ne sont pas n\u00e9cessairement partag\u00e9s ou approuv\u00e9s par nous.<\/p><p>Nous d\u00e9clinons toute responsabilit\u00e9 quant aux pratiques de confidentialit\u00e9 ou au contenu de ces sites. Vous assumez tous les risques li\u00e9s \u00e0 l'utilisation de ces sites web et de tout service de tiers. Nous n'assumerons aucune responsabilit\u00e9 pour toute perte ou tout dommage, quelle qu'en soit la cause, r\u00e9sultant de la divulgation de vos informations personnelles \u00e0 des tiers.<\/p><h2>6. Utilisation responsable<\/h2><p>En visitant notre site web, vous acceptez de l'utiliser uniquement aux fins pr\u00e9vues et autoris\u00e9es par les pr\u00e9sentes conditions g\u00e9n\u00e9rales, par tout contrat suppl\u00e9mentaire conclu avec nous, et par les lois et r\u00e8glements applicables, ainsi que par les pratiques en ligne et les directives industrielles g\u00e9n\u00e9ralement accept\u00e9es. Vous ne devez pas utiliser notre site web ou nos services pour utiliser, publier ou distribuer tout \u00e9l\u00e9ment qui consiste en (ou est li\u00e9 \u00e0) un logiciel malveillant ; utiliser les donn\u00e9es collect\u00e9es sur notre site web pour toute activit\u00e9 de marketing direct, ou mener toute activit\u00e9 de collecte de donn\u00e9es syst\u00e9matique ou automatis\u00e9e sur ou en relation avec notre site web.<\/p><p>Il est strictement interdit de s\u2019engager dans toute activit\u00e9 qui cause, ou pourrait causer, des dommages au site web ou qui interf\u00e8re avec la performance, la disponibilit\u00e9 ou l\u2019accessibilit\u00e9 du site web.<\/p><h2>7. Politique de remboursement et de retour<\/h2><p class=\"cmplz-subtitle\">7.1 Droit de r\u00e9tractation<\/p><p>Vous avez le droit de r\u00e9silier ce contrat dans les 14 jours sans donner de raison.<\/p><p>Le d\u00e9lai de r\u00e9tractation expire 14 jours apr\u00e8s la conclusion du contrat.<\/p><p>Pour exercer le droit de r\u00e9tractation, vous devez nous informer de votre d\u00e9cision de r\u00e9silier le pr\u00e9sent contrat par une d\u00e9claration d\u00e9nu\u00e9e d'ambigu\u00eft\u00e9 (par exemple, une lettre envoy\u00e9e par courrier, par t\u00e9l\u00e9copie ou par e-mail). Vous trouverez nos coordonn\u00e9es ci-dessous. Vous pouvez utiliser le formulaire type de <a target=\"_blank\" href=\"https:\/\/olympvillas.com\/wp-content\/uploads\/complianz\/withdrawal-forms\/withdrawal-form-fr.pdf\">formulaire de r\u00e9tractation<\/a> ci-joint, mais ce n\u2019est pas obligatoire.<\/p><p>Si vous utilisez cette option, nous vous confirmerons sans d\u00e9lai la r\u00e9ception de votre r\u00e9tractation sur support durable (par exemple par e-mail).<\/p><p>Pour respecter le d\u00e9lai de r\u00e9tractation, il vous suffit d\u2019envoyer votre communication concernant l\u2019exercice de votre droit de r\u00e9tractation avant l\u2019expiration du d\u00e9lai de r\u00e9tractation.<\/p><p class=\"cmplz-subtitle\">7.2 Effets de la r\u00e9tractation<\/p><p>Si vous r\u00e9siliez le pr\u00e9sent contrat, nous vous rembourserons tous les paiements re\u00e7us de votre part, y compris les frais de livraison (\u00e0 l\u2019exception des frais suppl\u00e9mentaires r\u00e9sultant de votre choix d\u2019un type de livraison autre que le type de livraison standard le moins cher que nous proposons), sans retard injustifi\u00e9 et en tout cas au plus tard dans les 14 jours \u00e0 compter du jour o\u00f9 nous sommes inform\u00e9s de votre d\u00e9cision de r\u00e9silier le pr\u00e9sent contrat. Nous effectuerons ce remboursement en utilisant le m\u00eame moyen de paiement que celui que vous avez utilis\u00e9 pour la transaction initiale, \u00e0 moins que vous n\u2019en ayez express\u00e9ment convenu autrement ; en tout \u00e9tat de cause, vous n\u2019aurez pas \u00e0 supporter de frais du fait de ce remboursement.<\/p><p>Si vous avez demand\u00e9 le d\u00e9marrage de la prestation des services pendant la p\u00e9riode de r\u00e9tractation, vous devrez nous verser un montant proportionnel \u00e0 ce qui a \u00e9t\u00e9 fourni jusqu\u2019au moment o\u00f9 vous nous avez inform\u00e9 de votre r\u00e9tractation du pr\u00e9sent contrat, par rapport \u00e0 l\u2019ensemble des prestations pr\u00e9vues au contrat.<\/p><p>Veuillez noter qu'il existe certaines exceptions l\u00e9gales au droit de r\u00e9tractation, et que certains articles ne sont donc pas retournables ou \u00e9changeables. Nous vous informerons si cela s'applique \u00e0 votre situation particuli\u00e8re.<\/p><h2>8. Soumission d'id\u00e9e<\/h2><p>N\u2019envoyez aucune id\u00e9e, invention, \u0153uvre d\u2019auteur ou autre information pouvant \u00eatre consid\u00e9r\u00e9e comme votre propre propri\u00e9t\u00e9 intellectuelle que vous souhaiteriez nous pr\u00e9senter, sauf si nous avons pr\u00e9alablement sign\u00e9 un accord concernant la propri\u00e9t\u00e9 intellectuelle ou un accord de non-divulgation. Si vous nous le divulguez en l\u2019absence d\u2019un tel accord \u00e9crit, vous nous accordez une licence mondiale, irr\u00e9vocable, non exclusive et libre de redevance pour utiliser, reproduire, stocker, adapter, publier, traduire et distribuer votre contenu sur tout support existant ou futur.<\/p><h2>9. Fin de l'utilisation<\/h2><p>Nous pouvons, \u00e0 notre seule discr\u00e9tion, \u00e0 tout moment modifier ou interrompre l\u2019acc\u00e8s, temporairement ou de fa\u00e7on permanente, au site web ou \u00e0 tout service qui s\u2019y trouve. Vous acceptez que nous ne soyons pas responsables envers vous ou une tierce partie de toute modification, suspension ou interruption de votre acc\u00e8s ou utilisation du site web ou de tout contenu que vous avez pu partager sur le site web. Vous n\u2019aurez droit \u00e0 aucune compensation ou autre paiement, m\u00eame si certaines fonctionnalit\u00e9s, certains r\u00e9glages et\/ou tout contenu auquel vous avez contribu\u00e9 ou sur lequel vous vous \u00eates appuy\u00e9 sont d\u00e9finitivement perdus. Vous ne devez pas contourner ou d\u00e9tourner, ou tenter de contourner ou de d\u00e9tourner, les mesures de restriction d\u2019acc\u00e8s \u00e0 notre site web.<\/p><h2>10. Garanties et responsabilit\u00e9<\/h2><p>Rien dans cette section ne limitera ni n'exclura une garantie implicite de la loi qu'il serait ill\u00e9gal de limiter ou d'exclure. Ce site web et tout son contenu sont fournis \u00aben l'\u00e9tat\u00bb et \u00abselon disponibilit\u00e9\u00bb et peuvent contenir des inexactitudes ou des erreurs typographiques. Nous d\u00e9clinons express\u00e9ment toute garantie de quelque nature que ce soit, expresse ou implicite, quant \u00e0 la disponibilit\u00e9, l'exactitude ou l'exhaustivit\u00e9 du contenu. Nous ne garantissons pas ceci :<\/p><p><ul>\n                    <li>que ce site web ou notre contenu r\u00e9pondra \u00e0 vos besoins ;<\/li>\n                    <li>ce site web sera disponible de mani\u00e8re ininterrompue, opportune, s\u00fbre ou sans erreur.<\/li>\n        <\/ul><\/p><p>Aucun \u00e9l\u00e9ment de ce site web ne constitue ou ne pr\u00e9tend constituer un avis juridique, financier ou m\u00e9dical quelconque. Si vous avez besoin de conseils, vous devriez consulter un professionnel appropri\u00e9.<\/p><p>Les pr\u00e9sentes dispositions s'appliqueront dans la mesure maximale autoris\u00e9e par la loi applicable et n'entraveront ni n'excluront notre responsabilit\u00e9 concernant toute question pour laquelle il serait ill\u00e9gal ou interdit pour nous de limiter ou d'exclure notre responsabilit\u00e9. En aucun cas, nous ne serons responsables des dommages directs ou indirects (y compris les dommages pour perte de profits ou de revenus, perte ou corruption de donn\u00e9es, de logiciels ou de bases de donn\u00e9es, ou perte ou endommagement de biens ou de donn\u00e9es) subis par vous ou par un tiers, r\u00e9sultant de votre acc\u00e8s ou de votre utilisation de notre site web.<\/p><p>Sauf dans la mesure o\u00f9 toute commande suppl\u00e9mentaire stipule express\u00e9ment le contraire, notre responsabilit\u00e9 maximale envers vous pour tout dommage r\u00e9sultant du site web ou li\u00e9 \u00e0 celui-ci, ou \u00e0 tout produit et service commercialis\u00e9 ou vendu par le biais du site web, quelle que soit la forme de l'action en justice qui impose la responsabilit\u00e9 (qu'elle soit contractuelle, d'\u00e9quit\u00e9, de n\u00e9gligence, de conduite intentionnelle, d\u00e9lictuelle ou autre) sera limit\u00e9e au prix total que vous nous avez pay\u00e9 pour acheter ces produits ou services ou utiliser le site web. Cette limite s'appliquera globalement \u00e0 toutes vos r\u00e9clamations, actions et causes d'action de toute nature et de tout type.<\/p><h2>11. Confidentialit\u00e9<\/h2><p>Pour acc\u00e9der \u00e0 notre site web et\/ou \u00e0 nos services, il peut vous \u00eatre demand\u00e9 de fournir certaines informations vous concernant dans le cadre de la proc\u00e9dure d\u2019inscription. Vous acceptez que toutes les informations que vous fournissez soient toujours exactes, correctes et \u00e0 jour.<\/p><p>Nous avons \u00e9labor\u00e9 une politique pour r\u00e9pondre \u00e0 toutes vos pr\u00e9occupations en mati\u00e8re de protection de la vie priv\u00e9e. Pour plus d\u2019informations, veuillez consulter notre <a href=\"https:\/\/olympvillas.com\/privacy\/\">D\u00e9claration de confidentialit\u00e9<\/a> et notre <a href=\"https:\/\/olympvillas.com\/cookie-policy-eu\/\">Politique de cookies<\/a>.<\/p><h2>12. Restrictions \u00e0 l'exportation \/ Conformit\u00e9 juridique<\/h2><p>L'acc\u00e8s au site web est interdit depuis des territoires ou pays o\u00f9 le contenu ou l'achat des produits ou services vendus sur le site web est ill\u00e9gal. Vous ne pouvez pas utiliser ce site web en violation des lois et r\u00e9glementations d'exportation de Chypre.<\/p><h2>13. Attribution<\/h2><p>Vous ne pouvez c\u00e9der, transf\u00e9rer ou sous-traiter aucun de vos droits et\/ou obligations en vertu des pr\u00e9sentes conditions g\u00e9n\u00e9rales, en tout ou en partie, \u00e0 une tierce partie sans notre consentement \u00e9crit pr\u00e9alable. Toute cession pr\u00e9sum\u00e9e en violation de la pr\u00e9sente section sera nulle et non avenue.<\/p><h2>14. Violation des pr\u00e9sentes conditions g\u00e9n\u00e9rales<\/h2><p>Sans pr\u00e9judice de nos autres droits en vertu des pr\u00e9sentes conditions g\u00e9n\u00e9rales, si vous violez les pr\u00e9sentes conditions g\u00e9n\u00e9rales de quelque mani\u00e8re que ce soit, nous pouvons prendre les mesures que nous jugeons appropri\u00e9es pour traiter la violation, y compris la suspension temporaire ou permanente de votre acc\u00e8s au site web, la prise de contact avec votre fournisseur d\u2019acc\u00e8s Internet pour lui demander de bloquer votre acc\u00e8s au site web, et\/ou engager une action en justice contre vous.<\/p><h2>15. Indemnisation<\/h2><p>Vous acceptez de nous indemniser, de nous d\u00e9fendre et de nous tenir \u00e0 l'\u00e9cart de toute r\u00e9clamation, responsabilit\u00e9, dommage, perte et d\u00e9pense li\u00e9s \u00e0 votre violation des pr\u00e9sentes conditions g\u00e9n\u00e9rales et des lois applicables, y compris les droits de propri\u00e9t\u00e9 intellectuelle et les droits \u00e0 la vie priv\u00e9e. Vous nous rembourserez rapidement les dommages, pertes, co\u00fbts et d\u00e9penses li\u00e9s \u00e0 de telles r\u00e9clamations ou en d\u00e9coulant.<\/p><h2>16. D\u00e9rogation<\/h2><p>Le fait de ne pas appliquer l'une des dispositions \u00e9nonc\u00e9es dans les pr\u00e9sentes conditions g\u00e9n\u00e9rales et dans tout accord, ou de ne pas exercer une option de r\u00e9siliation, ne doit pas \u00eatre interpr\u00e9t\u00e9 comme une renonciation \u00e0 ces dispositions et n'affecte pas la validit\u00e9 des pr\u00e9sentes conditions g\u00e9n\u00e9rales ou de tout accord ou de toute partie de celui-ci, ni le droit par la suite d'appliquer chacune des dispositions.<\/p><h2>17. Langue<\/h2><p>Les pr\u00e9sentes conditions g\u00e9n\u00e9rales seront traduites exclusivement en Anglais.&nbsp;Toutes les notifications et la correspondance seront r\u00e9dig\u00e9s exclusivement dans cette langue.<\/p><h2>18. Plein accord<\/h2><p>Ces conditions g\u00e9n\u00e9rales, ainsi que notre <a href=\"https:\/\/olympvillas.com\/privacy\/\">D\u00e9claration de confidentialit\u00e9<\/a> et <a href=\"https:\/\/olympvillas.com\/cookie-policy-eu\/\">Politique de cookies<\/a>, qui constitue l'int\u00e9gralit\u00e9 de l'accord entre vous et Ligion Trading Limited concernant votre utilisation de ce site web.<\/p><h2>19. Mise \u00e0 jour des pr\u00e9sentes conditions g\u00e9n\u00e9rales<\/h2><p>Nous pouvons mettre \u00e0 jour ces conditions g\u00e9n\u00e9rales de temps \u00e0 autre. Il est de votre responsabilit\u00e9 de v\u00e9rifier p\u00e9riodiquement ces conditions g\u00e9n\u00e9rales pour toute modification ou mise \u00e0 jour. La date indiqu\u00e9e au d\u00e9but de ces conditions g\u00e9n\u00e9rales est la date de la derni\u00e8re r\u00e9vision. Les modifications apport\u00e9es \u00e0 ces conditions g\u00e9n\u00e9rales entreront en vigueur d\u00e8s leur publication sur ce site web. Votre utilisation continue de ce site web apr\u00e8s la publication de modifications ou de mises \u00e0 jour sera consid\u00e9r\u00e9e comme une notification de votre acceptation de respecter et d'\u00eatre li\u00e9 par ces conditions g\u00e9n\u00e9rales.<\/p><h2>20. Loi applicable et choix de tribunal<\/h2><p>Les pr\u00e9sentes conditions g\u00e9n\u00e9rales sont r\u00e9gies par les lois de Chypre. Tout litige relatif aux pr\u00e9sentes conditions g\u00e9n\u00e9rales sera soumis \u00e0 la juridiction des tribunaux de Chypre. Si une partie ou une disposition des pr\u00e9sentes conditions g\u00e9n\u00e9rales est jug\u00e9e par un tribunal ou une autre autorit\u00e9 comme \u00e9tant invalide et\/ou inapplicable en vertu du droit applicable, cette partie ou disposition sera modifi\u00e9e, supprim\u00e9e et\/ou appliqu\u00e9e dans la plus large mesure possible afin de donner effet \u00e0 l\u2019intention des pr\u00e9sentes conditions g\u00e9n\u00e9rales. Les autres dispositions ne seront pas affect\u00e9es.<\/p><h2>21. Informations de contact<\/h2><p>This website is owned and operated by Ligion Trading Limited.<\/p><p>Vous pouvez nous contacter au sujet des pr\u00e9sentes conditions g\u00e9n\u00e9rales en nous \u00e9crivant ou en nous envoyant un e-mail \u00e0 l\u2019adresse suivante\u00a0: &#105;&#110;&#102;&#111;&#064;oly&#109;pv&#105;&#108;&#108;as.com<br>Navpliou 15 <\/p><h2>22. T\u00e9l\u00e9chargement<\/h2><p>Vous pouvez \u00e9galement <a href=\"https:\/\/olympvillas.com\/wp-content\/plugins\/complianz-terms-conditions\/download.php\">t\u00e9l\u00e9charger<\/a> nos conditions g\u00e9n\u00e9rales au format PDF.<\/p><\/div>","protected":false},"excerpt":{"rendered":"","protected":false},"author":1,"featured_media":0,"parent":0,"menu_order":0,"comment_status":"closed","ping_status":"closed","template":"","meta":{"_seopress_robots_primary_cat":"","_seopress_titles_title":"","_seopress_titles_desc":"","_seopress_robots_index":"","_sitemap_exclude":false,"_sitemap_priority":"","_sitemap_frequency":"","_kad_blocks_custom_css":"","_kad_blocks_head_custom_js":"","_kad_blocks_body_custom_js":"","_kad_blocks_footer_custom_js":"","pgc_sgb_lightbox_settings":"","_kadence_starter_templates_imported_post":false,"_kad_post_transparent":"","_kad_post_title":"","_kad_post_layout":"","_kad_post_sidebar_id":"","_kad_post_content_style":"","_kad_post_vertical_padding":"","_kad_post_feature":"","_kad_post_feature_position":"","_kad_post_header":false,"_kad_post_footer":false,"_kad_post_classname":"","footnotes":""},"class_list":["post-5662","page","type-page","status-publish"],"taxonomy_info":[],"featured_image_src_large":false,"author_info":{"display_name":"Olymp Luxury Villas","author_link":"https:\/\/olympvillas.com\/fr\/author\/eristavi\/"},"comment_info":0,"_links":{"self":[{"href":"https:\/\/olympvillas.com\/fr\/wp-json\/wp\/v2\/pages\/5662","targetHints":{"allow":["GET"]}}],"collection":[{"href":"https:\/\/olympvillas.com\/fr\/wp-json\/wp\/v2\/pages"}],"about":[{"href":"https:\/\/olympvillas.com\/fr\/wp-json\/wp\/v2\/types\/page"}],"author":[{"embeddable":true,"href":"https:\/\/olympvillas.com\/fr\/wp-json\/wp\/v2\/users\/1"}],"replies":[{"embeddable":true,"href":"https:\/\/olympvillas.com\/fr\/wp-json\/wp\/v2\/comments?post=5662"}],"version-history":[{"count":0,"href":"https:\/\/olympvillas.com\/fr\/wp-json\/wp\/v2\/pages\/5662\/revisions"}],"wp:attachment":[{"href":"https:\/\/olympvillas.com\/fr\/wp-json\/wp\/v2\/media?parent=5662"}],"curies":[{"name":"wp","href":"https:\/\/api.w.org\/{rel}","templated":true}]}}